{"id":104,"date":"2024-07-01T12:23:30","date_gmt":"2024-07-01T12:23:30","guid":{"rendered":"https:\/\/vizualplan.de\/?page_id=104"},"modified":"2024-07-01T12:42:37","modified_gmt":"2024-07-01T12:42:37","slug":"ueber-uns","status":"publish","type":"page","link":"https:\/\/vizualplan.de\/en\/ueber-uns\/","title":{"rendered":"About us"},"content":{"rendered":"<p>Our goal is to design sustainable and unique buildings using the latest technology. We strive to develop innovative solutions that are both environmentally friendly and aesthetically pleasing. Through precise planning and detailed visualisations, we aim to facilitate our clients' decision-making processes. Our aim is to create forward-looking concepts that meet the highest quality standards and convey sustainable values.<\/p>\n\n\n\n<div style=\"height:120px\" aria-hidden=\"true\" class=\"wp-block-spacer\"><\/div>","protected":false},"excerpt":{"rendered":"<p>Unser Ziel bei Vizualplan ist es, nachhaltige und kreative Geb\u00e4ude mit modernster Technologie zu planen. Wir streben danach, innovative L\u00f6sungen zu entwickeln, die sowohl umweltfreundlich als auch \u00e4sthetisch ansprechend sind. Durch pr\u00e4zise Planungen und detaillierte Visualisierungen m\u00f6chten wir die Entscheidungsprozesse unserer Kunden erleichtern. Unser Anspruch ist es, zukunftsweisende Konzepte zu schaffen, die h\u00f6chsten Qualit\u00e4tsstandards entsprechen [&hellip;]<\/p>\n","protected":false},"author":1,"featured_media":0,"parent":0,"menu_order":0,"comment_status":"closed","ping_status":"closed","template":"","meta":{"footnotes":""},"class_list":["post-104","page","type-page","status-publish","hentry"],"_links":{"self":[{"href":"https:\/\/vizualplan.de\/en\/wp-json\/wp\/v2\/pages\/104","targetHints":{"allow":["GET"]}}],"collection":[{"href":"https:\/\/vizualplan.de\/en\/wp-json\/wp\/v2\/pages"}],"about":[{"href":"https:\/\/vizualplan.de\/en\/wp-json\/wp\/v2\/types\/page"}],"author":[{"embeddable":true,"href":"https:\/\/vizualplan.de\/en\/wp-json\/wp\/v2\/users\/1"}],"replies":[{"embeddable":true,"href":"https:\/\/vizualplan.de\/en\/wp-json\/wp\/v2\/comments?post=104"}],"version-history":[{"count":3,"href":"https:\/\/vizualplan.de\/en\/wp-json\/wp\/v2\/pages\/104\/revisions"}],"predecessor-version":[{"id":163,"href":"https:\/\/vizualplan.de\/en\/wp-json\/wp\/v2\/pages\/104\/revisions\/163"}],"wp:attachment":[{"href":"https:\/\/vizualplan.de\/en\/wp-json\/wp\/v2\/media?parent=104"}],"curies":[{"name":"wp","href":"https:\/\/api.w.org\/{rel}","templated":true}]}}